{"id":3019,"date":"2020-09-25T02:09:22","date_gmt":"2020-09-25T02:09:22","guid":{"rendered":"https:\/\/flowoflife.builderallwppro.com\/?page_id=3019"},"modified":"2026-02-27T17:26:26","modified_gmt":"2026-02-27T20:26:26","slug":"comunidade","status":"publish","type":"page","link":"https:\/\/flowoflife.co\/es\/comunidade\/","title":{"rendered":"Comunidade Flow"},"content":{"rendered":"","protected":false},"excerpt":{"rendered":"","protected":false},"author":1,"featured_media":0,"parent":0,"menu_order":0,"comment_status":"closed","ping_status":"closed","template":"","meta":{"footnotes":""},"class_list":["post-3019","page","type-page","status-publish","hentry"],"yoast_head":"<!-- This site is optimized with the Yoast SEO plugin v27.5 - https:\/\/yoast.com\/product\/yoast-seo-wordpress\/ -->\n<title>Comunidade Flow - Flow of Life<\/title>\n<meta name=\"description\" content=\"Comunidade de evolu\u00e7\u00e3o da consci\u00eancia e medita\u00e7\u00e3o. Nossa plataforma possui conte\u00fados e f\u00f3runs exclusivos. Assine j\u00e1 a sua tribo de Mindfulness.\" \/>\n<meta name=\"robots\" content=\"index, follow, max-snippet:-1, max-image-preview:large, max-video-preview:-1\" \/>\n<link rel=\"canonical\" href=\"https:\/\/flowoflife.co\/es\/comunidade\/\" \/>\n<meta property=\"og:locale\" content=\"es_ES\" \/>\n<meta property=\"og:type\" content=\"article\" \/>\n<meta property=\"og:title\" content=\"Comunidade Flow - Flow of Life\" \/>\n<meta property=\"og:description\" content=\"Comunidade de evolu\u00e7\u00e3o da consci\u00eancia e medita\u00e7\u00e3o. Nossa plataforma possui conte\u00fados e f\u00f3runs exclusivos. Assine j\u00e1 a sua tribo de Mindfulness.\" \/>\n<meta property=\"og:url\" content=\"https:\/\/flowoflife.co\/es\/comunidade\/\" \/>\n<meta property=\"og:site_name\" content=\"Flow of Life\" \/>\n<meta property=\"article:publisher\" content=\"https:\/\/www.facebook.com\/daniwang.flow\/\" \/>\n<meta property=\"article:modified_time\" content=\"2026-02-27T20:26:26+00:00\" \/>\n<meta name=\"twitter:card\" content=\"summary_large_image\" \/>\n<meta name=\"twitter:label1\" content=\"Tiempo de lectura\" \/>\n\t<meta name=\"twitter:data1\" content=\"8 minutos\" \/>\n<script type=\"application\/ld+json\" class=\"yoast-schema-graph\">{\"@context\":\"https:\\\/\\\/schema.org\",\"@graph\":[{\"@type\":\"WebPage\",\"@id\":\"https:\\\/\\\/flowoflife.co\\\/comunidade\\\/\",\"url\":\"https:\\\/\\\/flowoflife.co\\\/comunidade\\\/\",\"name\":\"Comunidade Flow - Flow of Life\",\"isPartOf\":{\"@id\":\"https:\\\/\\\/flowoflife.co\\\/#website\"},\"datePublished\":\"2020-09-25T02:09:22+00:00\",\"dateModified\":\"2026-02-27T20:26:26+00:00\",\"description\":\"Comunidade de evolu\u00e7\u00e3o da consci\u00eancia e medita\u00e7\u00e3o. Nossa plataforma possui conte\u00fados e f\u00f3runs exclusivos. Assine j\u00e1 a sua tribo de Mindfulness.\",\"breadcrumb\":{\"@id\":\"https:\\\/\\\/flowoflife.co\\\/comunidade\\\/#breadcrumb\"},\"inLanguage\":\"es\",\"potentialAction\":[{\"@type\":\"ReadAction\",\"target\":[\"https:\\\/\\\/flowoflife.co\\\/comunidade\\\/\"]}]},{\"@type\":\"BreadcrumbList\",\"@id\":\"https:\\\/\\\/flowoflife.co\\\/comunidade\\\/#breadcrumb\",\"itemListElement\":[{\"@type\":\"ListItem\",\"position\":1,\"name\":\"In\u00edcio\",\"item\":\"https:\\\/\\\/flowoflife.co\\\/\"},{\"@type\":\"ListItem\",\"position\":2,\"name\":\"Comunidade Flow\"}]},{\"@type\":\"WebSite\",\"@id\":\"https:\\\/\\\/flowoflife.co\\\/#website\",\"url\":\"https:\\\/\\\/flowoflife.co\\\/\",\"name\":\"Flow of Life\",\"description\":\"Escola de Consci\u00eancia Plena\",\"publisher\":{\"@id\":\"https:\\\/\\\/flowoflife.co\\\/#organization\"},\"potentialAction\":[{\"@type\":\"SearchAction\",\"target\":{\"@type\":\"EntryPoint\",\"urlTemplate\":\"https:\\\/\\\/flowoflife.co\\\/?s={search_term_string}\"},\"query-input\":{\"@type\":\"PropertyValueSpecification\",\"valueRequired\":true,\"valueName\":\"search_term_string\"}}],\"inLanguage\":\"es\"},{\"@type\":\"Organization\",\"@id\":\"https:\\\/\\\/flowoflife.co\\\/#organization\",\"name\":\"Flow of Life\",\"url\":\"https:\\\/\\\/flowoflife.co\\\/\",\"logo\":{\"@type\":\"ImageObject\",\"inLanguage\":\"es\",\"@id\":\"https:\\\/\\\/flowoflife.co\\\/#\\\/schema\\\/logo\\\/image\\\/\",\"url\":\"https:\\\/\\\/flowoflife.builderallwppro.com\\\/wp-content\\\/uploads\\\/2020\\\/08\\\/LOGO_flow-of-life_horizontal.png\",\"contentUrl\":\"https:\\\/\\\/flowoflife.builderallwppro.com\\\/wp-content\\\/uploads\\\/2020\\\/08\\\/LOGO_flow-of-life_horizontal.png\",\"width\":2988,\"height\":1850,\"caption\":\"Flow of Life\"},\"image\":{\"@id\":\"https:\\\/\\\/flowoflife.co\\\/#\\\/schema\\\/logo\\\/image\\\/\"},\"sameAs\":[\"https:\\\/\\\/www.facebook.com\\\/daniwang.flow\\\/\",\"https:\\\/\\\/www.instagram.com\\\/flowoflife.co\\\/\",\"https:\\\/\\\/www.linkedin.com\\\/in\\\/daniellewang\\\/\",\"https:\\\/\\\/www.youtube.com\\\/channel\\\/UCYryOhvvSj0PGoxZ5RgIglA\"]}]}<\/script>\n<!-- \/ Yoast SEO plugin. -->","yoast_head_json":{"title":"Comunidade Flow - Flow of Life","description":"Comunidade de evolu\u00e7\u00e3o da consci\u00eancia e medita\u00e7\u00e3o. Nossa plataforma possui conte\u00fados e f\u00f3runs exclusivos. Assine j\u00e1 a sua tribo de Mindfulness.","robots":{"index":"index","follow":"follow","max-snippet":"max-snippet:-1","max-image-preview":"max-image-preview:large","max-video-preview":"max-video-preview:-1"},"canonical":"https:\/\/flowoflife.co\/es\/comunidade\/","og_locale":"es_ES","og_type":"article","og_title":"Comunidade Flow - Flow of Life","og_description":"Comunidade de evolu\u00e7\u00e3o da consci\u00eancia e medita\u00e7\u00e3o. Nossa plataforma possui conte\u00fados e f\u00f3runs exclusivos. Assine j\u00e1 a sua tribo de Mindfulness.","og_url":"https:\/\/flowoflife.co\/es\/comunidade\/","og_site_name":"Flow of Life","article_publisher":"https:\/\/www.facebook.com\/daniwang.flow\/","article_modified_time":"2026-02-27T20:26:26+00:00","twitter_card":"summary_large_image","twitter_misc":{"Tiempo de lectura":"8 minutos"},"schema":{"@context":"https:\/\/schema.org","@graph":[{"@type":"WebPage","@id":"https:\/\/flowoflife.co\/comunidade\/","url":"https:\/\/flowoflife.co\/comunidade\/","name":"Comunidade Flow - Flow of Life","isPartOf":{"@id":"https:\/\/flowoflife.co\/#website"},"datePublished":"2020-09-25T02:09:22+00:00","dateModified":"2026-02-27T20:26:26+00:00","description":"Comunidade de evolu\u00e7\u00e3o da consci\u00eancia e medita\u00e7\u00e3o. Nossa plataforma possui conte\u00fados e f\u00f3runs exclusivos. Assine j\u00e1 a sua tribo de Mindfulness.","breadcrumb":{"@id":"https:\/\/flowoflife.co\/comunidade\/#breadcrumb"},"inLanguage":"es","potentialAction":[{"@type":"ReadAction","target":["https:\/\/flowoflife.co\/comunidade\/"]}]},{"@type":"BreadcrumbList","@id":"https:\/\/flowoflife.co\/comunidade\/#breadcrumb","itemListElement":[{"@type":"ListItem","position":1,"name":"In\u00edcio","item":"https:\/\/flowoflife.co\/"},{"@type":"ListItem","position":2,"name":"Comunidade Flow"}]},{"@type":"WebSite","@id":"https:\/\/flowoflife.co\/#website","url":"https:\/\/flowoflife.co\/","name":"Flow of Life","description":"Escola de Consci\u00eancia Plena","publisher":{"@id":"https:\/\/flowoflife.co\/#organization"},"potentialAction":[{"@type":"SearchAction","target":{"@type":"EntryPoint","urlTemplate":"https:\/\/flowoflife.co\/?s={search_term_string}"},"query-input":{"@type":"PropertyValueSpecification","valueRequired":true,"valueName":"search_term_string"}}],"inLanguage":"es"},{"@type":"Organization","@id":"https:\/\/flowoflife.co\/#organization","name":"Flow of Life","url":"https:\/\/flowoflife.co\/","logo":{"@type":"ImageObject","inLanguage":"es","@id":"https:\/\/flowoflife.co\/#\/schema\/logo\/image\/","url":"https:\/\/flowoflife.builderallwppro.com\/wp-content\/uploads\/2020\/08\/LOGO_flow-of-life_horizontal.png","contentUrl":"https:\/\/flowoflife.builderallwppro.com\/wp-content\/uploads\/2020\/08\/LOGO_flow-of-life_horizontal.png","width":2988,"height":1850,"caption":"Flow of Life"},"image":{"@id":"https:\/\/flowoflife.co\/#\/schema\/logo\/image\/"},"sameAs":["https:\/\/www.facebook.com\/daniwang.flow\/","https:\/\/www.instagram.com\/flowoflife.co\/","https:\/\/www.linkedin.com\/in\/daniellewang\/","https:\/\/www.youtube.com\/channel\/UCYryOhvvSj0PGoxZ5RgIglA"]}]}},"_links":{"self":[{"href":"https:\/\/flowoflife.co\/es\/wp-json\/wp\/v2\/pages\/3019","targetHints":{"allow":["GET"]}}],"collection":[{"href":"https:\/\/flowoflife.co\/es\/wp-json\/wp\/v2\/pages"}],"about":[{"href":"https:\/\/flowoflife.co\/es\/wp-json\/wp\/v2\/types\/page"}],"author":[{"embeddable":true,"href":"https:\/\/flowoflife.co\/es\/wp-json\/wp\/v2\/users\/1"}],"replies":[{"embeddable":true,"href":"https:\/\/flowoflife.co\/es\/wp-json\/wp\/v2\/comments?post=3019"}],"version-history":[{"count":0,"href":"https:\/\/flowoflife.co\/es\/wp-json\/wp\/v2\/pages\/3019\/revisions"}],"wp:attachment":[{"href":"https:\/\/flowoflife.co\/es\/wp-json\/wp\/v2\/media?parent=3019"}],"curies":[{"name":"wp","href":"https:\/\/api.w.org\/{rel}","templated":true}]}}